{"id":13,"date":"2022-03-31T09:35:30","date_gmt":"2022-03-31T14:35:30","guid":{"rendered":"http:\/\/localhost\/somosindot\/?page_id=13"},"modified":"2022-03-31T17:37:58","modified_gmt":"2022-03-31T22:37:58","slug":"inicio","status":"publish","type":"page","link":"http:\/\/181.211.7.45\/somosindot\/","title":{"rendered":"Inicio"},"content":{"rendered":"<figure class=\"wp-block-video\"><video autoplay controls src=\"http:\/\/181.211.7.45\/somosindot\/wp-content\/uploads\/2022\/03\/EQUIPO-INDOT.mp4\"><\/video><\/figure>\n\n\n\n<p><strong>Rese\u00f1a Hist\u00f3rica.<\/strong><\/p>\n\n\n\n<p><br>El 26 de junio del 2012, se dict\u00f3 el Reglamento General a la Ley Org\u00e1nica de Donaci\u00f3n de<br>Trasplante de \u00d3rganos, Tejidos y C\u00e9lulas, la cual fue publicada en el Registro Oficial No. 745 de<br>13 de julio de 2012; el mismo que tiene por objeto regular el desarrollo de la actividad de<br>donaci\u00f3n y trasplante de \u00f3rganos, tejidos y c\u00e9lulas. Con la aplicaci\u00f3n del mencionado reglamento,<br>se crea el Instituto Nacional de Donaci\u00f3n y Trasplante de \u00f3rganos, tejidos y c\u00e9lulas en adelante<br>denominado INDOT como entidad adscrita a la Autoridad Sanitaria Nacional con autonom\u00eda<br>t\u00e9cnica, administrativa, financiera y de gesti\u00f3n, instituci\u00f3n anteriormente conocida como ONTOT,<br>en donde se establecen nuevas atribuciones y facultades, de control, regulaci\u00f3n coordinaci\u00f3n,<br>planificaci\u00f3n y promoci\u00f3n de pol\u00edticas como de programas a nivel nacional de donaci\u00f3n y<br>trasplante de \u00f3rganos, tejidos y c\u00e9lulas.<\/p>\n\n\n\n<p>El Pleno de la Asamblea Nacional, el mi\u00e9rcoles 11 de octubre de 2016, con 98 votos afirmativos<br>de 102 asamble\u00edstas, declar\u00f3 al 14 de octubre como el \u201cD\u00eda Nacional de la Donaci\u00f3n y el<br>Trasplante\u201d, con el objetivo de generar conciencia en la poblaci\u00f3n sobre la importancia de<br>mantener la condici\u00f3n de donante para salvar vidas.<\/p>\n\n\n\n<p>Paralelamente y a trav\u00e9s de una Resoluci\u00f3n el Instituto Nacional de Donaci\u00f3n y Trasplante de<br>\u00d3rganos, Tejidos y C\u00e9lulas (INDOT), entidad adscrita al Ministerio de Salud P\u00fablica, estableci\u00f3 esta<br>fecha referente con el prop\u00f3sito de contribuir a la toma de conciencia de la comunidad sobre la<br>donaci\u00f3n; permitiendo estimular los valores que est\u00e1n asociados al trasplante: transparencia,<br>equidad, seguridad, eficiencia, esperanza y solidaridad.<\/p>\n\n\n\n<p><\/p>\n\n\n\n<p><strong>Rol de la instituci\u00f3n<\/strong><\/p>\n\n\n\n<p><br>El Instituto Nacional de Donaci\u00f3n y Trasplante de \u00d3rganos, Tejidos y C\u00e9lulas -INDOT- es la entidad<br>adscrita al Ministerio de Salud P\u00fablica, encargada de la regulaci\u00f3n y coordinaci\u00f3n de la actividad<br>de trasplantol\u00f3gica en el Ecuador<\/p>\n\n\n\n<p><strong>Competencias<\/strong><\/p>\n\n\n\n<p><br>Las competencias que agregan valor a la gesti\u00f3n institucional del INDOT y que consta en la matriz<br>de competencias son:<\/p>\n\n\n\n<ul class=\"wp-block-list\"><li>Promoci\u00f3n de la Donaci\u00f3n y Trasplantes de \u00d3rganos, Tejidos y C\u00e9lulas<\/li><li>Provisi\u00f3n de \u00d3rganos, Tejidos y C\u00e9lulas con fines de Trasplante<\/li><li>Procesamiento, Mantenimiento de \u00d3rganos, Tejidos y C\u00e9lulas, con fines de Trasplante<\/li><li>Regulaci\u00f3n y Control de la Actividad Trasplantol\u00f3gica en el Pa\u00eds<\/li><\/ul>\n\n\n\n<p><\/p>","protected":false},"excerpt":{"rendered":"<p>Rese\u00f1a Hist\u00f3rica. El 26 de junio del 2012, se dict\u00f3 el Reglamento General a la Ley Org\u00e1nica de Donaci\u00f3n deTrasplante de \u00d3rganos, Tejidos y C\u00e9lulas, la cual fue publicada en el Registro Oficial No. 745 de13 de julio de 2012; el mismo que tiene por objeto regular el desarrollo de la actividad dedonaci\u00f3n y trasplante de \u00f3rganos, tejidos y c\u00e9lulas. Con la aplicaci\u00f3n del mencionado reglamento,se crea el Instituto Nacional de Donaci\u00f3n y Trasplante de \u00f3rganos, tejidos y c\u00e9lulas en adelantedenominado INDOT como entidad adscrita a la Autoridad Sanitaria Nacional con autonom\u00edat\u00e9cnica, administrativa, financiera y de gesti\u00f3n, instituci\u00f3n anteriormente conocida como ONTOT,en donde se establecen nuevas atribuciones y facultades, de control, regulaci\u00f3n coordinaci\u00f3n,planificaci\u00f3n y promoci\u00f3n de pol\u00edticas como de programas a nivel nacional de donaci\u00f3n ytrasplante de \u00f3rganos, tejidos y c\u00e9lulas. El Pleno de la Asamblea Nacional, el mi\u00e9rcoles 11 de octubre de 2016, con 98 votos afirmativosde 102 asamble\u00edstas, declar\u00f3 al 14 de octubre como el \u201cD\u00eda Nacional de la Donaci\u00f3n y elTrasplante\u201d, con el objetivo de generar conciencia en la poblaci\u00f3n sobre la importancia demantener la condici\u00f3n de donante para salvar vidas. Paralelamente y a trav\u00e9s de una Resoluci\u00f3n el Instituto Nacional de Donaci\u00f3n y Trasplante de\u00d3rganos, Tejidos y C\u00e9lulas (INDOT), entidad adscrita al Ministerio de Salud P\u00fablica, estableci\u00f3 estafecha referente con el prop\u00f3sito de contribuir a la toma de conciencia de la comunidad sobre ladonaci\u00f3n; permitiendo estimular los valores que est\u00e1n asociados al trasplante: transparencia,equidad, seguridad, eficiencia, esperanza y solidaridad. Rol de la instituci\u00f3n El Instituto Nacional de Donaci\u00f3n y Trasplante de \u00d3rganos, Tejidos y C\u00e9lulas -INDOT- es la entidadadscrita al Ministerio de Salud P\u00fablica, encargada de la regulaci\u00f3n y coordinaci\u00f3n de la actividadde trasplantol\u00f3gica en el Ecuador Competencias Las competencias que agregan valor a la gesti\u00f3n institucional del INDOT y que consta en la matrizde competencias son: Promoci\u00f3n de la Donaci\u00f3n y Trasplantes de \u00d3rganos, Tejidos y C\u00e9lulas Provisi\u00f3n de \u00d3rganos, Tejidos y C\u00e9lulas con fines de Trasplante Procesamiento, Mantenimiento de \u00d3rganos, Tejidos y C\u00e9lulas, con fines de Trasplante Regulaci\u00f3n y Control de la Actividad Trasplantol\u00f3gica en el Pa\u00eds<\/p>","protected":false},"author":1,"featured_media":0,"parent":0,"menu_order":0,"comment_status":"closed","ping_status":"closed","template":"","meta":{"footnotes":""},"class_list":["post-13","page","type-page","status-publish","hentry"],"_links":{"self":[{"href":"http:\/\/181.211.7.45\/somosindot\/wp-json\/wp\/v2\/pages\/13","targetHints":{"allow":["GET"]}}],"collection":[{"href":"http:\/\/181.211.7.45\/somosindot\/wp-json\/wp\/v2\/pages"}],"about":[{"href":"http:\/\/181.211.7.45\/somosindot\/wp-json\/wp\/v2\/types\/page"}],"author":[{"embeddable":true,"href":"http:\/\/181.211.7.45\/somosindot\/wp-json\/wp\/v2\/users\/1"}],"replies":[{"embeddable":true,"href":"http:\/\/181.211.7.45\/somosindot\/wp-json\/wp\/v2\/comments?post=13"}],"version-history":[{"count":10,"href":"http:\/\/181.211.7.45\/somosindot\/wp-json\/wp\/v2\/pages\/13\/revisions"}],"predecessor-version":[{"id":123,"href":"http:\/\/181.211.7.45\/somosindot\/wp-json\/wp\/v2\/pages\/13\/revisions\/123"}],"wp:attachment":[{"href":"http:\/\/181.211.7.45\/somosindot\/wp-json\/wp\/v2\/media?parent=13"}],"curies":[{"name":"wp","href":"https:\/\/api.w.org\/{rel}","templated":true}]}}