{"id":17,"date":"2022-03-31T09:37:21","date_gmt":"2022-03-31T14:37:21","guid":{"rendered":"http:\/\/localhost\/somosindot\/?page_id=17"},"modified":"2023-11-28T11:06:24","modified_gmt":"2023-11-28T16:06:24","slug":"formatos-formularios-y-manuales","status":"publish","type":"page","link":"http:\/\/181.211.7.45\/somosindot\/formatos-formularios-y-manuales\/","title":{"rendered":"Formatos, Formularios y Manuales"},"content":{"rendered":"<div class=\"wp-block-image is-style-default\">\n<figure class=\"aligncenter size-full is-resized\"><img loading=\"lazy\" decoding=\"async\" width=\"229\" height=\"229\" src=\"http:\/\/181.211.7.45\/somosindot\/wp-content\/uploads\/2022\/03\/formularios-e-instructivos-1.png\" alt=\"\" class=\"wp-image-127\" style=\"width:115px;height:115px\" srcset=\"http:\/\/181.211.7.45\/somosindot\/wp-content\/uploads\/2022\/03\/formularios-e-instructivos-1.png 229w, http:\/\/181.211.7.45\/somosindot\/wp-content\/uploads\/2022\/03\/formularios-e-instructivos-1-150x150.png 150w, http:\/\/181.211.7.45\/somosindot\/wp-content\/uploads\/2022\/03\/formularios-e-instructivos-1-75x75.png 75w\" sizes=\"auto, (max-width: 229px) 100vw, 229px\" \/><\/figure><\/div>\n\n\n<figure class=\"wp-block-table is-style-regular\"><table><tbody><tr><td>Memorando_v3<\/td><td class=\"has-text-align-center\" data-align=\"center\"><a href=\"http:\/\/181.211.7.45\/somosindot\/wp-content\/uploads\/2022\/08\/Memorando_V3(1).docx\" data-type=\"URL\" data-id=\"http:\/\/181.211.7.45\/somosindot\/wp-content\/uploads\/2022\/08\/Memorando_V3(1).docx\" target=\"_blank\" rel=\"noreferrer noopener\"><img loading=\"lazy\" decoding=\"async\" class=\"alignnone wp-image-567\" src=\"http:\/\/181.211.7.45\/somosindot\/wp-content\/uploads\/2022\/03\/folder-download-icon-1-1.png\" alt=\"\" width=\"48\" height=\"48\"><\/a><\/td><\/tr><tr><td>Oficio_v3<\/td><td class=\"has-text-align-center\" data-align=\"center\"><a href=\"http:\/\/181.211.7.45\/somosindot\/wp-content\/uploads\/2022\/08\/Oficio_V3.doc\" data-type=\"URL\" data-id=\"http:\/\/181.211.7.45\/somosindot\/wp-content\/uploads\/2022\/08\/Oficio_V3.doc\" target=\"_blank\" rel=\"noreferrer noopener\"><img loading=\"lazy\" decoding=\"async\" class=\"alignnone wp-image-567\" src=\"http:\/\/181.211.7.45\/somosindot\/wp-content\/uploads\/2022\/03\/folder-download-icon-1-1.png\" alt=\"\" width=\"48\" height=\"48\"><\/a><\/td><\/tr><tr><td>Plan de Mejora<\/td><td class=\"has-text-align-center\" data-align=\"center\"><a href=\"http:\/\/181.211.7.45\/somosindot\/wp-content\/uploads\/2022\/08\/Plan_de_Mejora.xlsx\" data-type=\"URL\" data-id=\"http:\/\/181.211.7.45\/somosindot\/wp-content\/uploads\/2022\/08\/Plan_de_Mejora.xlsx\" target=\"_blank\" rel=\"noreferrer noopener\"><img loading=\"lazy\" decoding=\"async\" class=\"alignnone wp-image-567\" src=\"http:\/\/181.211.7.45\/somosindot\/wp-content\/uploads\/2022\/03\/folder-download-icon-1-1.png\" alt=\"\" width=\"48\" height=\"48\"><\/a><\/td><\/tr><tr><td>RG 451 Info actividades y resumen contenido<\/td><td class=\"has-text-align-center\" data-align=\"center\"><a href=\"http:\/\/181.211.7.45\/somosindot\/wp-content\/uploads\/2022\/08\/RG_451_Info_actividades_y_resumen_contenido.docx\" data-type=\"URL\" data-id=\"http:\/\/181.211.7.45\/somosindot\/wp-content\/uploads\/2022\/08\/RG_451_Info_actividades_y_resumen_contenido.docx\" target=\"_blank\" rel=\"noreferrer noopener\"><img loading=\"lazy\" decoding=\"async\" class=\"alignnone wp-image-567\" src=\"http:\/\/181.211.7.45\/somosindot\/wp-content\/uploads\/2022\/03\/folder-download-icon-1-1.png\" alt=\"\" width=\"48\" height=\"48\"><\/a><\/td><\/tr><tr><td>RG 452 Dise\u00f1o instruccional del evento<\/td><td class=\"has-text-align-center\" data-align=\"center\"><a href=\"http:\/\/181.211.7.45\/somosindot\/wp-content\/uploads\/2022\/08\/RG_452_Diseno_instruccional_del_evento.docx\" data-type=\"URL\" data-id=\"http:\/\/181.211.7.45\/somosindot\/wp-content\/uploads\/2022\/08\/RG_452_Diseno_instruccional_del_evento.docx\" target=\"_blank\" rel=\"noreferrer noopener\"><img loading=\"lazy\" decoding=\"async\" class=\"alignnone wp-image-567\" src=\"http:\/\/181.211.7.45\/somosindot\/wp-content\/uploads\/2022\/03\/folder-download-icon-1-1.png\" alt=\"\" width=\"48\" height=\"48\"><\/a><\/td><\/tr><tr><td>RG 453 Solicitud para elaboraci\u00f3n de estudios<\/td><td class=\"has-text-align-center\" data-align=\"center\"><a href=\"http:\/\/181.211.7.45\/somosindot\/wp-content\/uploads\/2022\/08\/RG_453_Solicitud_para_elaboracion_de_estudios.docx\" data-type=\"URL\" data-id=\"http:\/\/181.211.7.45\/somosindot\/wp-content\/uploads\/2022\/08\/RG_453_Solicitud_para_elaboracion_de_estudios.docx\" target=\"_blank\" rel=\"noreferrer noopener\"><img loading=\"lazy\" decoding=\"async\" class=\"alignnone wp-image-567\" src=\"http:\/\/181.211.7.45\/somosindot\/wp-content\/uploads\/2022\/03\/folder-download-icon-1-1.png\" alt=\"\" width=\"48\" height=\"48\"><\/a><\/td><\/tr><tr><td>RG 003 Informe_v5<\/td><td class=\"has-text-align-center\" data-align=\"center\"><a href=\"http:\/\/181.211.7.45\/somosindot\/wp-content\/uploads\/2022\/09\/RG-003 Informe v5.docx\" data-type=\"URL\" data-id=\"http:\/\/181.211.7.45\/somosindot\/wp-content\/uploads\/2022\/09\/RG-003 Informe v5.docx\" target=\"_blank\" rel=\"noreferrer noopener\"><img loading=\"lazy\" decoding=\"async\" class=\"alignnone wp-image-567\" src=\"http:\/\/181.211.7.45\/somosindot\/wp-content\/uploads\/2022\/03\/folder-download-icon-1-1.png\" alt=\"\" width=\"48\" height=\"48\"><\/a><\/td><\/tr><tr><td>RG 054 Solicitud de boletos a\u00e9reos<\/td><td class=\"has-text-align-center\" data-align=\"center\"><a href=\"http:\/\/181.211.7.45\/somosindot\/wp-content\/uploads\/2022\/08\/RG-054-Solicitud-de-boletos-aereos.docx\" data-type=\"URL\" data-id=\"http:\/\/181.211.7.45\/somosindot\/wp-content\/uploads\/2022\/08\/RG-054-Solicitud-de-boletos-aereos.docx\" target=\"_blank\" rel=\"noreferrer noopener\"><img loading=\"lazy\" decoding=\"async\" class=\"alignnone wp-image-567\" src=\"http:\/\/181.211.7.45\/somosindot\/wp-content\/uploads\/2022\/03\/folder-download-icon-1-1.png\" alt=\"\" width=\"48\" height=\"48\"><\/a><\/td><\/tr><tr><td>RG 153 ACPM<\/td><td class=\"has-text-align-center\" data-align=\"center\"><a href=\"http:\/\/181.211.7.45\/somosindot\/wp-content\/uploads\/2022\/08\/RG153-ACPM.doc\" data-type=\"URL\" data-id=\"http:\/\/181.211.7.45\/somosindot\/wp-content\/uploads\/2022\/08\/RG153-ACPM.doc\" target=\"_blank\" rel=\"noreferrer noopener\"><img loading=\"lazy\" decoding=\"async\" class=\"alignnone wp-image-567\" src=\"http:\/\/181.211.7.45\/somosindot\/wp-content\/uploads\/2022\/03\/folder-download-icon-1-1.png\" alt=\"\" width=\"48\" height=\"48\"><\/a><\/td><\/tr><tr><td>Solicitud de aut para cump de serv inst y compra de pasajes<\/td><td class=\"has-text-align-center\" data-align=\"center\"><a href=\"http:\/\/181.211.7.45\/somosindot\/wp-content\/uploads\/2022\/08\/Solicitud-de-aut.-para-cump.-de-serv-inst-y-compra-de-pasajes.xlsx\" data-type=\"URL\" data-id=\"http:\/\/181.211.7.45\/somosindot\/wp-content\/uploads\/2022\/08\/Solicitud-de-aut.-para-cump.-de-serv-inst-y-compra-de-pasajes.xlsx\" target=\"_blank\" rel=\"noreferrer noopener\"><img loading=\"lazy\" decoding=\"async\" class=\"alignnone wp-image-567\" src=\"http:\/\/181.211.7.45\/somosindot\/wp-content\/uploads\/2022\/03\/folder-download-icon-1-1.png\" alt=\"\" width=\"48\" height=\"48\"><\/a><\/td><\/tr><tr><td>RG 082 Justificaci\u00f3n de ausencia temporal<\/td><td class=\"has-text-align-center\" data-align=\"center\"><a href=\"http:\/\/181.211.7.45\/somosindot\/wp-content\/uploads\/2022\/08\/RG 082 justificacion de ausencia temporal.pdf\" data-type=\"URL\" data-id=\"http:\/\/181.211.7.45\/somosindot\/wp-content\/uploads\/2022\/08\/RG 082 justificacion de ausencia temporal.pdf\" target=\"_blank\" rel=\"noreferrer noopener\"><img loading=\"lazy\" decoding=\"async\" class=\"alignnone wp-image-567\" src=\"http:\/\/181.211.7.45\/somosindot\/wp-content\/uploads\/2022\/03\/folder-download-icon-1-1.png\" alt=\"\" width=\"48\" height=\"48\"><\/a><\/td><\/tr><tr><td>RG 379 Certificado de asistencia<\/td><td class=\"has-text-align-center\" data-align=\"center\"><a href=\"http:\/\/181.211.7.45\/somosindot\/wp-content\/uploads\/2022\/08\/RG_379__Certificado_de_asistenciav5.pdf\" data-type=\"URL\" data-id=\"http:\/\/181.211.7.45\/somosindot\/wp-content\/uploads\/2022\/08\/RG_379__Certificado_de_asistenciav5.pdf\" target=\"_blank\" rel=\"noreferrer noopener\"><img loading=\"lazy\" decoding=\"async\" class=\"alignnone wp-image-567\" src=\"http:\/\/181.211.7.45\/somosindot\/wp-content\/uploads\/2022\/03\/folder-download-icon-1-1.png\" alt=\"\" width=\"48\" height=\"48\"><\/a><\/td><\/tr><tr><td>RG 447 Acuerdo de Capacitaci\u00f3n<\/td><td class=\"has-text-align-center\" data-align=\"center\"><a href=\"http:\/\/181.211.7.45\/somosindot\/wp-content\/uploads\/2022\/04\/RG_447_Acuerdo_de_Capacitacion.pdf\" data-type=\"URL\" data-id=\"http:\/\/181.211.7.45\/somosindot\/wp-content\/uploads\/2022\/04\/RG_447_Acuerdo_de_Capacitacion.pdf\" target=\"_blank\" rel=\"noreferrer noopener\"><img loading=\"lazy\" decoding=\"async\" class=\"alignnone wp-image-567\" src=\"http:\/\/181.211.7.45\/somosindot\/wp-content\/uploads\/2022\/03\/folder-download-icon-1-1.png\" alt=\"\" width=\"48\" height=\"48\"><\/a><\/td><\/tr><tr><td>RG 448 Convenio de formaci\u00f3n y capacitaci\u00f3n<\/td><td class=\"has-text-align-center\" data-align=\"center\"><a href=\"http:\/\/181.211.7.45\/somosindot\/wp-content\/uploads\/2022\/08\/RG_448_Convenio_de_formacion_y_capacitacion.pdf\" data-type=\"URL\" data-id=\"http:\/\/181.211.7.45\/somosindot\/wp-content\/uploads\/2022\/08\/RG_448_Convenio_de_formacion_y_capacitacion.pdf\" target=\"_blank\" rel=\"noreferrer noopener\"><img loading=\"lazy\" decoding=\"async\" class=\"alignnone wp-image-567\" src=\"http:\/\/181.211.7.45\/somosindot\/wp-content\/uploads\/2022\/03\/folder-download-icon-1-1.png\" alt=\"\" width=\"48\" height=\"48\"><\/a><\/td><\/tr><tr><td>RG 449 Capacitaci\u00f3n en el exterior <\/td><td class=\"has-text-align-center\" data-align=\"center\"><a href=\"http:\/\/181.211.7.45\/somosindot\/wp-content\/uploads\/2022\/08\/RG_449_Capacitacion_en_el_exterior_comp_servidor.pdf\" data-type=\"URL\" data-id=\"http:\/\/181.211.7.45\/somosindot\/wp-content\/uploads\/2022\/08\/RG_449_Capacitacion_en_el_exterior_comp_servidor.pdf\" target=\"_blank\" rel=\"noreferrer noopener\"><img loading=\"lazy\" decoding=\"async\" class=\"alignnone wp-image-567\" src=\"http:\/\/181.211.7.45\/somosindot\/wp-content\/uploads\/2022\/03\/folder-download-icon-1-1.png\" alt=\"\" width=\"48\" height=\"48\"><\/a><\/td><\/tr><tr><td>RG 450 Certificaci\u00f3n de conocimientos puesto trabajo<\/td><td class=\"has-text-align-center\" data-align=\"center\"><a href=\"http:\/\/181.211.7.45\/somosindot\/wp-content\/uploads\/2022\/08\/RG_450_Certificacion_de_conocimientos_puesto_trabajo.pdf\" data-type=\"URL\" data-id=\"http:\/\/181.211.7.45\/somosindot\/wp-content\/uploads\/2022\/08\/RG_450_Certificacion_de_conocimientos_puesto_trabajo.pdf\" target=\"_blank\" rel=\"noreferrer noopener\"><img loading=\"lazy\" decoding=\"async\" class=\"alignnone wp-image-567\" src=\"http:\/\/181.211.7.45\/somosindot\/wp-content\/uploads\/2022\/03\/folder-download-icon-1-1.png\" alt=\"\" width=\"48\" height=\"48\"><\/a><\/td><\/tr><tr><td>RG 080 Formulario de Solicitud de Vacaciones<\/td><td class=\"has-text-align-center\" data-align=\"center\"><a href=\"http:\/\/181.211.7.45\/somosindot\/wp-content\/uploads\/2022\/08\/RG-080-Formulario-de-Solicitud-de-Vacaciones.doc\" data-type=\"URL\" data-id=\"http:\/\/181.211.7.45\/somosindot\/wp-content\/uploads\/2022\/08\/RG-080-Formulario-de-Solicitud-de-Vacaciones.doc\" target=\"_blank\" rel=\"noreferrer noopener\"><img loading=\"lazy\" decoding=\"async\" class=\"alignnone wp-image-567\" src=\"http:\/\/181.211.7.45\/somosindot\/wp-content\/uploads\/2022\/03\/folder-download-icon-1-1.png\" alt=\"\" width=\"48\" height=\"48\"><\/a><\/td><\/tr><tr><td>RG 524 Formato matriz modalidad teletrabajo v1<\/td><td class=\"has-text-align-center\" data-align=\"center\"><a href=\"http:\/\/181.211.7.45\/somosindot\/wp-content\/uploads\/2022\/08\/RG-524-Formato-matriz-modalidad-teletrabajo-v1.xls\" data-type=\"URL\" data-id=\"http:\/\/181.211.7.45\/somosindot\/wp-content\/uploads\/2022\/08\/RG-524-Formato-matriz-modalidad-teletrabajo-v1.xls\" target=\"_blank\" rel=\"noreferrer noopener\"><img loading=\"lazy\" decoding=\"async\" class=\"alignnone wp-image-567\" src=\"http:\/\/181.211.7.45\/somosindot\/wp-content\/uploads\/2022\/03\/folder-download-icon-1-1.png\" alt=\"\" width=\"48\" height=\"48\"><\/a><a href=\"http:\/\/181.211.7.45\/somosindot\/wp-content\/uploads\/2022\/03\/RG-080-Formulario-de-Solicitud-de-Vacaciones.doc\"> <\/a><\/td><\/tr><tr><td>RG 374 Registro de Asistencia <\/td><td class=\"has-text-align-center\" data-align=\"center\"><a href=\"http:\/\/181.211.7.45\/somosindot\/wp-content\/uploads\/2022\/08\/RG_374_Registro_de_Asistencia.xlsx\" data-type=\"URL\" data-id=\"http:\/\/181.211.7.45\/somosindot\/wp-content\/uploads\/2022\/08\/RG_374_Registro_de_Asistencia.xlsx\" target=\"_blank\" rel=\"noreferrer noopener\"><img loading=\"lazy\" decoding=\"async\" class=\"alignnone wp-image-567\" src=\"http:\/\/181.211.7.45\/somosindot\/wp-content\/uploads\/2022\/03\/folder-download-icon-1-1.png\" alt=\"\" width=\"48\" height=\"48\"><\/a><\/td><\/tr><tr><td>RG 007 Acta de Reuni\u00f3n <\/td><td class=\"has-text-align-center\" data-align=\"center\"><a href=\"http:\/\/181.211.7.45\/somosindot\/wp-content\/uploads\/2022\/08\/RG_007_Acta_de_Reunion_v5.docx\" data-type=\"URL\" data-id=\"http:\/\/181.211.7.45\/somosindot\/wp-content\/uploads\/2022\/08\/RG_007_Acta_de_Reunion_v5.docx\" target=\"_blank\" rel=\"noreferrer noopener\"><img loading=\"lazy\" decoding=\"async\" class=\"alignnone wp-image-567\" src=\"http:\/\/181.211.7.45\/somosindot\/wp-content\/uploads\/2022\/03\/folder-download-icon-1-1.png\" alt=\"\" width=\"48\" height=\"48\"><\/a><\/td><\/tr><tr><td>Fondo Pantalla Aplicaci\u00f3n Zoom<\/td><td class=\"has-text-align-center\" data-align=\"center\"><a href=\"http:\/\/181.211.7.45\/somosindot\/wp-content\/uploads\/2023\/03\/plantilla_zoom.png\" data-type=\"URL\" target=\"_blank\" rel=\"noreferrer noopener\"><img loading=\"lazy\" decoding=\"async\" class=\"alignnone wp-image-567\" src=\"http:\/\/181.211.7.45\/somosindot\/wp-content\/uploads\/2022\/03\/folder-download-icon-1-1.png\" alt=\"\" width=\"48\" height=\"48\"><\/a><\/td><\/tr><tr><td>Presentaci\u00f3n de Power Point <\/td><td class=\"has-text-align-center\" data-align=\"center\"><a href=\"http:\/\/181.211.7.45\/somosindot\/wp-content\/uploads\/2023\/03\/PLANTILLA PPT NUEVOECUADOR.pptx\" data-type=\"URL\" target=\"_blank\" rel=\"noreferrer noopener\"><img loading=\"lazy\" decoding=\"async\" width=\"48\" height=\"48\" class=\"alignnone wp-image-567\" src=\"http:\/\/181.211.7.45\/somosindot\/wp-content\/uploads\/2022\/03\/folder-download-icon-1-1.png\" alt=\"\"><\/a><\/td><\/tr><tr><td>Hoja Membretada INDOT <\/td><td class=\"has-text-align-center\" data-align=\"center\"><a href=\"http:\/\/181.211.7.45\/somosindot\/wp-content\/uploads\/2023\/03\/HOJA MEMBRETADA DN.docx\" data-type=\"URL\" target=\"_blank\" rel=\"noreferrer noopener\"><img loading=\"lazy\" decoding=\"async\" width=\"48\" height=\"48\" class=\"alignnone wp-image-567\" src=\"http:\/\/181.211.7.45\/somosindot\/wp-content\/uploads\/2022\/03\/folder-download-icon-1-1.png\" alt=\"\"><\/a><\/td><\/tr><tr><td>PPT Rendici\u00f3n de cuentas 2022<\/td><td class=\"has-text-align-center\" data-align=\"center\"><a href=\"http:\/\/181.211.7.45\/somosindot\/wp-content\/uploads\/2023\/03\/PPT-RENDICION CUENTAS 2022.pptx\" data-type=\"URL\" target=\"_blank\" rel=\"noreferrer noopener\"><img loading=\"lazy\" decoding=\"async\" width=\"48\" height=\"48\" class=\"alignnone wp-image-567\" src=\"http:\/\/181.211.7.45\/somosindot\/wp-content\/uploads\/2022\/03\/folder-download-icon-1-1.png\" alt=\"\"><\/a><\/td><\/tr><tr><td>Reglamento de administraci\u00f3n de Talento Humano del Instituto Nacional de Donaci\u00f3n y Trasplante de \u00d3rganos, Tejidos y C\u00e9lulas &#8211; INDOT<\/td><td class=\"has-text-align-center\" data-align=\"center\"><a href=\"http:\/\/181.211.7.45\/somosindot\/wp-content\/uploads\/2023\/10\/RTH_149.pdf\" data-type=\"URL\" target=\"_blank\" rel=\"noreferrer noopener\"><img loading=\"lazy\" decoding=\"async\" width=\"48\" height=\"48\" class=\"alignnone wp-image-567\" src=\"http:\/\/181.211.7.45\/somosindot\/wp-content\/uploads\/2022\/03\/folder-download-icon-1-1.png\" alt=\"\"><\/a><\/td><\/tr><\/tbody><\/table><\/figure>","protected":false},"excerpt":{"rendered":"<p>Memorando_v3 Oficio_v3 Plan de Mejora RG 451 Info actividades y resumen contenido RG 452 Dise\u00f1o instruccional del evento RG 453 Solicitud para elaboraci\u00f3n de estudios RG 003 Informe_v5 RG 054 Solicitud de boletos a\u00e9reos RG 153 ACPM Solicitud de aut para cump de serv inst y compra de pasajes RG 082 Justificaci\u00f3n de ausencia temporal RG 379 Certificado de asistencia RG 447 Acuerdo de Capacitaci\u00f3n RG 448 Convenio de formaci\u00f3n y capacitaci\u00f3n RG 449 Capacitaci\u00f3n en el exterior RG 450 Certificaci\u00f3n de conocimientos puesto trabajo RG 080 Formulario de Solicitud de Vacaciones RG 524 Formato matriz modalidad teletrabajo v1 RG 374 Registro de Asistencia RG 007 Acta de Reuni\u00f3n Fondo Pantalla Aplicaci\u00f3n Zoom Presentaci\u00f3n de Power Point Hoja Membretada INDOT PPT Rendici\u00f3n de cuentas 2022 Reglamento de administraci\u00f3n de Talento Humano del Instituto Nacional de Donaci\u00f3n y Trasplante de \u00d3rganos, Tejidos y C\u00e9lulas &#8211; INDOT<\/p>","protected":false},"author":1,"featured_media":0,"parent":0,"menu_order":0,"comment_status":"closed","ping_status":"closed","template":"","meta":{"footnotes":""},"class_list":["post-17","page","type-page","status-publish","hentry"],"_links":{"self":[{"href":"http:\/\/181.211.7.45\/somosindot\/wp-json\/wp\/v2\/pages\/17","targetHints":{"allow":["GET"]}}],"collection":[{"href":"http:\/\/181.211.7.45\/somosindot\/wp-json\/wp\/v2\/pages"}],"about":[{"href":"http:\/\/181.211.7.45\/somosindot\/wp-json\/wp\/v2\/types\/page"}],"author":[{"embeddable":true,"href":"http:\/\/181.211.7.45\/somosindot\/wp-json\/wp\/v2\/users\/1"}],"replies":[{"embeddable":true,"href":"http:\/\/181.211.7.45\/somosindot\/wp-json\/wp\/v2\/comments?post=17"}],"version-history":[{"count":48,"href":"http:\/\/181.211.7.45\/somosindot\/wp-json\/wp\/v2\/pages\/17\/revisions"}],"predecessor-version":[{"id":259,"href":"http:\/\/181.211.7.45\/somosindot\/wp-json\/wp\/v2\/pages\/17\/revisions\/259"}],"wp:attachment":[{"href":"http:\/\/181.211.7.45\/somosindot\/wp-json\/wp\/v2\/media?parent=17"}],"curies":[{"name":"wp","href":"https:\/\/api.w.org\/{rel}","templated":true}]}}